{"id":227,"date":"2012-11-20T16:05:45","date_gmt":"2012-11-20T16:05:45","guid":{"rendered":"http:\/\/localhost:8888\/?page_id=227"},"modified":"2024-10-06T18:20:44","modified_gmt":"2024-10-06T17:20:44","slug":"travaux","status":"publish","type":"page","link":"http:\/\/www.mireilleguerin.com\/site\/travaux\/","title":{"rendered":"Travaux"},"content":{"rendered":"\n<div style=\"height:100px\" aria-hidden=\"true\" class=\"wp-block-spacer\"><\/div>\n\n\n\n<figure class=\"wp-block-gallery has-nested-images columns-default is-cropped wp-block-gallery-1 is-layout-flex wp-block-gallery-is-layout-flex\">\n<figure class=\"wp-block-image size-large\"><img loading=\"lazy\" decoding=\"async\" width=\"1024\" height=\"910\" data-id=\"1952\" src=\"http:\/\/www.mireilleguerin.com\/site\/wp-content\/uploads\/La-vague-1024x910.jpg\" alt=\"\" class=\"wp-image-1952\" srcset=\"http:\/\/www.mireilleguerin.com\/site\/wp-content\/uploads\/La-vague-1024x910.jpg 1024w, http:\/\/www.mireilleguerin.com\/site\/wp-content\/uploads\/La-vague-300x266.jpg 300w, http:\/\/www.mireilleguerin.com\/site\/wp-content\/uploads\/La-vague-768x682.jpg 768w, http:\/\/www.mireilleguerin.com\/site\/wp-content\/uploads\/La-vague-1536x1364.jpg 1536w, http:\/\/www.mireilleguerin.com\/site\/wp-content\/uploads\/La-vague-2048x1819.jpg 2048w\" sizes=\"auto, (max-width: 1024px) 100vw, 1024px\" \/><\/figure>\n<\/figure>\n\n\n<p>Sur la vague, tapisserie de haute lice en laine coton et lin. 1m30 x 1m20.<\/p>\n\n\n\n<p>Cette technique de haute-lice, aussi ancestrale soit-elle, me permet, avec de nouvelles approches, de sculpter la mati\u00e8re,<br>de lui donner \u00e9paisseur et profondeur.<\/p>\n\n\n\n<p>Parall\u00e8lement,&nbsp; j\u2019explore aujourd\u2019hui d\u2019autres possibilit\u00e9s de mise en volume \u00e0 travers les infinis&nbsp; d\u00e9grad\u00e9s des plantes tinctoriales.<\/p>\n\n\n\n<p>Ce travail sur la couleur accompagne et enrichit mon th\u00e8me de pr\u00e9dilection : l\u2019\u00e9vocation du v\u00e9g\u00e9tal.<\/p>\n\n\n\n<p>Je vous pr\u00e9sente ici ma toute derni\u00e8re tapisserie: \u00ab\u00a0sur la vague\u00a0\u00bb<\/p>\n","protected":false},"excerpt":{"rendered":"<p>Cette technique de haute-lice, aussi ancestrale soit-elle, me permet, avec de nouvelles approches, de sculpter la mati\u00e8re,de lui donner \u00e9paisseur et profondeur. Parall\u00e8lement,&nbsp; j\u2019explore aujourd\u2019hui d\u2019autres possibilit\u00e9s de mise en volume \u00e0 travers les infinis&nbsp; d\u00e9grad\u00e9s des plantes tinctoriales. Ce travail sur la couleur accompagne et enrichit mon th\u00e8me de pr\u00e9dilection : l\u2019\u00e9vocation du v\u00e9g\u00e9tal. [&hellip;]<\/p>\n","protected":false},"author":1,"featured_media":1781,"parent":0,"menu_order":0,"comment_status":"open","ping_status":"open","template":"fullwidth-page.php","meta":{"jetpack_post_was_ever_published":false,"footnotes":""},"tags":[],"class_list":["post-227","page","type-page","status-publish","has-post-thumbnail","hentry"],"jetpack_sharing_enabled":true,"jetpack_shortlink":"https:\/\/wp.me\/PaX9D6-3F","_links":{"self":[{"href":"http:\/\/www.mireilleguerin.com\/site\/wp-json\/wp\/v2\/pages\/227","targetHints":{"allow":["GET"]}}],"collection":[{"href":"http:\/\/www.mireilleguerin.com\/site\/wp-json\/wp\/v2\/pages"}],"about":[{"href":"http:\/\/www.mireilleguerin.com\/site\/wp-json\/wp\/v2\/types\/page"}],"author":[{"embeddable":true,"href":"http:\/\/www.mireilleguerin.com\/site\/wp-json\/wp\/v2\/users\/1"}],"replies":[{"embeddable":true,"href":"http:\/\/www.mireilleguerin.com\/site\/wp-json\/wp\/v2\/comments?post=227"}],"version-history":[{"count":18,"href":"http:\/\/www.mireilleguerin.com\/site\/wp-json\/wp\/v2\/pages\/227\/revisions"}],"predecessor-version":[{"id":1953,"href":"http:\/\/www.mireilleguerin.com\/site\/wp-json\/wp\/v2\/pages\/227\/revisions\/1953"}],"wp:featuredmedia":[{"embeddable":true,"href":"http:\/\/www.mireilleguerin.com\/site\/wp-json\/wp\/v2\/media\/1781"}],"wp:attachment":[{"href":"http:\/\/www.mireilleguerin.com\/site\/wp-json\/wp\/v2\/media?parent=227"}],"wp:term":[{"taxonomy":"post_tag","embeddable":true,"href":"http:\/\/www.mireilleguerin.com\/site\/wp-json\/wp\/v2\/tags?post=227"}],"curies":[{"name":"wp","href":"https:\/\/api.w.org\/{rel}","templated":true}]}}