{"id":223,"date":"2012-11-20T16:02:43","date_gmt":"2012-11-20T16:02:43","guid":{"rendered":"http:\/\/localhost:8888\/?page_id=223"},"modified":"2026-02-02T18:51:43","modified_gmt":"2026-02-02T17:51:43","slug":"stages","status":"publish","type":"page","link":"http:\/\/www.mireilleguerin.com\/site\/stages\/","title":{"rendered":"Stages et cours"},"content":{"rendered":"\n<div style=\"height:100px\" aria-hidden=\"true\" class=\"wp-block-spacer\"><\/div>\n\n\n\n<div class=\"wp-block-columns has-2-columns is-layout-flex wp-container-core-columns-is-layout-9d6595d7 wp-block-columns-is-layout-flex\">\n<div class=\"wp-block-column is-layout-flow wp-block-column-is-layout-flow\">\n<h3 class=\"wp-block-heading\"><strong>Stages de tapisserie<\/strong><\/h3>\n\n\n\n<p>J\u2019organise dans mon atelier, \u00e0 Cergy, des stages sur 4 jours.<\/p>\n\n\n\n<p>Dans ces moments de formation j\u2019essaie de r\u00e9pondre \u00e0 toute demande sp\u00e9cifique, autant pour les d\u00e9butants que pour les confirm\u00e9s;&nbsp; par cons\u00e9quent,&nbsp; le contenu varie en fonction de votre exp\u00e9rience et de votre familiarit\u00e9, ou non, avec la technique de la tapisserie.<\/p>\n<\/div>\n\n\n\n<div class=\"wp-block-column is-layout-flow wp-block-column-is-layout-flow\">\n<figure class=\"wp-block-image is-resized\"><a href=\"http:\/\/www.mireilleguerin.com\/site\/wp-content\/uploads\/2012\/11\/atelier.jpg\"><img loading=\"lazy\" decoding=\"async\" width=\"800\" height=\"530\" src=\"http:\/\/www.mireilleguerin.com\/site\/wp-content\/uploads\/2012\/11\/atelier.jpg\" alt=\"atelier\" class=\"wp-image-555\" style=\"width:460px;height:305px\" srcset=\"http:\/\/www.mireilleguerin.com\/site\/wp-content\/uploads\/2012\/11\/atelier.jpg 800w, http:\/\/www.mireilleguerin.com\/site\/wp-content\/uploads\/2012\/11\/atelier-300x198.jpg 300w, http:\/\/www.mireilleguerin.com\/site\/wp-content\/uploads\/2012\/11\/atelier-660x437.jpg 660w, http:\/\/www.mireilleguerin.com\/site\/wp-content\/uploads\/2012\/11\/atelier-520x344.jpg 520w\" sizes=\"auto, (max-width: 800px) 100vw, 800px\" \/><\/a><\/figure>\n<\/div>\n<\/div>\n\n\n\n<div class=\"wp-block-columns has-2-columns is-layout-flex wp-container-core-columns-is-layout-9d6595d7 wp-block-columns-is-layout-flex\">\n<div class=\"wp-block-column is-layout-flow wp-block-column-is-layout-flow\">\n<p class=\"has-text-align-left\">Le but de ces stages est de se familiariser avec la technique, d\u2019acqu\u00e9rir un bon geste et enfin de d\u00e9couvrir diff\u00e9rents points et de nouvelles mani\u00e8res d\u2019expression.         <\/p>\n\n\n\n<p>Stages 2026 (formation\u00a0 tissage tapisserie) : <strong>du 25 au 28 mai <\/strong><\/p>\n\n\n\n<p><\/p>\n\n\n\n<p><\/p>\n\n\n\n<p class=\"has-background\" style=\"background-color:#fcf9df\">Co\u00fbt du stage : 200 euros (tout mat\u00e9riel compris).&nbsp; <\/p>\n\n\n\n<div style=\"height:29px\" aria-hidden=\"true\" class=\"wp-block-spacer\"><\/div>\n<\/div>\n\n\n\n<div class=\"wp-block-column is-layout-flow wp-block-column-is-layout-flow\">\n<figure class=\"wp-block-image is-resized\"><a href=\"http:\/\/www.mireilleguerin.com\/site\/wp-content\/uploads\/2012\/11\/stage-1250.png\"><img loading=\"lazy\" decoding=\"async\" width=\"1024\" height=\"491\" src=\"http:\/\/www.mireilleguerin.com\/site\/wp-content\/uploads\/2012\/11\/stage-1250-1024x491.png\" alt=\"stage-1250\" class=\"wp-image-563\" style=\"width:501px;height:240px\" srcset=\"http:\/\/www.mireilleguerin.com\/site\/wp-content\/uploads\/2012\/11\/stage-1250-1024x491.png 1024w, http:\/\/www.mireilleguerin.com\/site\/wp-content\/uploads\/2012\/11\/stage-1250-300x144.png 300w, http:\/\/www.mireilleguerin.com\/site\/wp-content\/uploads\/2012\/11\/stage-1250-660x316.png 660w, http:\/\/www.mireilleguerin.com\/site\/wp-content\/uploads\/2012\/11\/stage-1250-520x249.png 520w, http:\/\/www.mireilleguerin.com\/site\/wp-content\/uploads\/2012\/11\/stage-1250.png 1250w\" sizes=\"auto, (max-width: 1024px) 100vw, 1024px\" \/><\/a><\/figure>\n<\/div>\n<\/div>\n\n\n\n<h3 class=\"wp-block-heading\">Je propose \u00e9galement un stage de r\u00e9alisation de cartons de tapisserie : sur 3 jours, co\u00fbt: 150 euros.<\/h3>\n\n\n\n<div class=\"wp-block-columns has-2-columns is-layout-flex wp-container-core-columns-is-layout-9d6595d7 wp-block-columns-is-layout-flex\">\n<div class=\"wp-block-column is-layout-flow wp-block-column-is-layout-flow\">\n<p>Durant ce moment de formation je vous apprendrai certaines \u00ab&nbsp;r\u00e8gles&nbsp;\u00bb au sujet de la composition et de la couleur&nbsp;: composer dans un format sp\u00e9cifique, acqu\u00e9rir la notion d\u2019\u00e9chelle, comprendre pourquoi un carton se tisse dans un sens plut\u00f4t&nbsp; que dans l\u2019autre.<\/p>\n\n\n\n<p>Vous serez invit\u00e9 \u00e0 utiliser diff\u00e9rents supports&nbsp;: (papiers, cartons etc..) ainsi que diff\u00e9rentes mati\u00e8res picturales (peintures, encres, pastels, etc\u2026)<\/p>\n<\/div>\n\n\n\n<div class=\"wp-block-column is-layout-flow wp-block-column-is-layout-flow\">\n<p>Une deuxi\u00e8me \u00e9tape sera propos\u00e9e: le passage de la maquette au carton de tapisserie: mise \u00e0 l\u2019\u00e9chelle, calque, sch\u00e9matisation du dessin, reproduction du carton sur la cha\u00eene.<br>Le but de ce stage est de vous familiariser avec le geste et l\u2019expression picturale, d\u2019apprendre \u00e0 vous lib\u00e9rer de la peur de la feuille blanche et de la conviction&nbsp;&nbsp; (tellement habituelle) du fameux&nbsp;:&nbsp;\u00ab&nbsp;je ne sais pas peindre, je ne sais pas dessiner&nbsp;\u00bb et d\u2019avoir le plaisir de r\u00e9aliser des maquettes que vous pourrez tisser par la suite.<\/p>\n<\/div>\n<\/div>\n\n\n\n<p><strong>Ce stage a lieu en fonction des demandes.<\/strong><\/p>\n\n\n\n<p>Laissez moi un message si vous \u00eates int\u00e9ress\u00e9(e) merci.<\/p>\n\n\n\n<div style=\"height:43px\" aria-hidden=\"true\" class=\"wp-block-spacer\"><\/div>\n\n\n\n<div class=\"wp-block-columns has-2-columns is-layout-flex wp-container-core-columns-is-layout-9d6595d7 wp-block-columns-is-layout-flex\">\n<div class=\"wp-block-column is-layout-flow wp-block-column-is-layout-flow\">\n<h3 class=\"wp-block-heading\"><strong>Cours de tapisserie<\/strong><\/h3>\n\n\n\n<p>Ces cours se d\u00e9roulent <strong>3 fois par trimestre le samedi&nbsp; apr\u00e8s-midi<\/strong> au LCR des Linandes \u00e0 Cergy.<br><strong>de 14h \u00e0 19h..<\/strong><\/p>\n\n\n\n<p>Je ne suis pr\u00e9sente que les 1ers samedis du trimestre, les autres cours sont en organisation libre.<br> Ils sont ouverts aux d\u00e9butants et confirm\u00e9s.<\/p>\n\n\n\n<p><\/p>\n<\/div>\n\n\n\n<div class=\"wp-block-column is-layout-flow wp-block-column-is-layout-flow\">\n<figure class=\"wp-block-image is-resized\"><a href=\"http:\/\/www.mireilleguerin.com\/site\/wp-content\/uploads\/2012\/11\/cours-600-1.jpg\"><img loading=\"lazy\" decoding=\"async\" width=\"300\" height=\"300\" src=\"http:\/\/www.mireilleguerin.com\/site\/wp-content\/uploads\/2012\/11\/cours-600-1-300x300.jpg\" alt=\"cours-600-1\" class=\"wp-image-557\" style=\"width:300px;height:300px\" srcset=\"http:\/\/www.mireilleguerin.com\/site\/wp-content\/uploads\/2012\/11\/cours-600-1-300x300.jpg 300w, http:\/\/www.mireilleguerin.com\/site\/wp-content\/uploads\/2012\/11\/cours-600-1-150x150.jpg 150w, http:\/\/www.mireilleguerin.com\/site\/wp-content\/uploads\/2012\/11\/cours-600-1-45x45.jpg 45w, http:\/\/www.mireilleguerin.com\/site\/wp-content\/uploads\/2012\/11\/cours-600-1-520x520.jpg 520w, http:\/\/www.mireilleguerin.com\/site\/wp-content\/uploads\/2012\/11\/cours-600-1.jpg 600w\" sizes=\"auto, (max-width: 300px) 100vw, 300px\" \/><\/a><\/figure>\n<\/div>\n<\/div>\n\n\n\n<div class=\"wp-block-columns has-2-columns is-layout-flex wp-container-core-columns-is-layout-9d6595d7 wp-block-columns-is-layout-flex\">\n<div class=\"wp-block-column is-layout-flow wp-block-column-is-layout-flow\">\n<figure class=\"wp-block-image is-resized\"><a href=\"http:\/\/www.mireilleguerin.com\/site\/wp-content\/uploads\/2012\/11\/cours-600-4.jpg\"><img loading=\"lazy\" decoding=\"async\" width=\"600\" height=\"326\" src=\"http:\/\/www.mireilleguerin.com\/site\/wp-content\/uploads\/2012\/11\/cours-600-4.jpg\" alt=\"cours-600-4\" class=\"wp-image-560\" style=\"width:600px;height:326px\" srcset=\"http:\/\/www.mireilleguerin.com\/site\/wp-content\/uploads\/2012\/11\/cours-600-4.jpg 600w, http:\/\/www.mireilleguerin.com\/site\/wp-content\/uploads\/2012\/11\/cours-600-4-300x163.jpg 300w, http:\/\/www.mireilleguerin.com\/site\/wp-content\/uploads\/2012\/11\/cours-600-4-520x282.jpg 520w\" sizes=\"auto, (max-width: 600px) 100vw, 600px\" \/><\/a><\/figure>\n\n\n\n<p>durant ces cours je vous apprends \u00e0 monter une cha\u00eene , \u00e0 tisser et vous familiariser avec la technique: les diff\u00e9rents points, la double cha\u00eene etc&#8230;<\/p>\n<\/div>\n\n\n\n<div class=\"wp-block-column is-layout-flow wp-block-column-is-layout-flow\">\n<p><\/p>\n<\/div>\n<\/div>\n","protected":false},"excerpt":{"rendered":"<p>Stages de tapisserie J\u2019organise dans mon atelier, \u00e0 Cergy, des stages sur 4 jours. Dans ces moments de formation j\u2019essaie de r\u00e9pondre \u00e0 toute demande sp\u00e9cifique, autant pour les d\u00e9butants que pour les confirm\u00e9s;&nbsp; par cons\u00e9quent,&nbsp; le contenu varie en fonction de votre exp\u00e9rience et de votre familiarit\u00e9, ou non, avec la technique de la [&hellip;]<\/p>\n","protected":false},"author":1,"featured_media":0,"parent":0,"menu_order":0,"comment_status":"open","ping_status":"open","template":"fullwidth-page.php","meta":{"jetpack_post_was_ever_published":false,"footnotes":""},"tags":[],"class_list":["post-223","page","type-page","status-publish","hentry"],"jetpack_sharing_enabled":true,"jetpack_shortlink":"https:\/\/wp.me\/PaX9D6-3B","_links":{"self":[{"href":"http:\/\/www.mireilleguerin.com\/site\/wp-json\/wp\/v2\/pages\/223","targetHints":{"allow":["GET"]}}],"collection":[{"href":"http:\/\/www.mireilleguerin.com\/site\/wp-json\/wp\/v2\/pages"}],"about":[{"href":"http:\/\/www.mireilleguerin.com\/site\/wp-json\/wp\/v2\/types\/page"}],"author":[{"embeddable":true,"href":"http:\/\/www.mireilleguerin.com\/site\/wp-json\/wp\/v2\/users\/1"}],"replies":[{"embeddable":true,"href":"http:\/\/www.mireilleguerin.com\/site\/wp-json\/wp\/v2\/comments?post=223"}],"version-history":[{"count":77,"href":"http:\/\/www.mireilleguerin.com\/site\/wp-json\/wp\/v2\/pages\/223\/revisions"}],"predecessor-version":[{"id":2032,"href":"http:\/\/www.mireilleguerin.com\/site\/wp-json\/wp\/v2\/pages\/223\/revisions\/2032"}],"wp:attachment":[{"href":"http:\/\/www.mireilleguerin.com\/site\/wp-json\/wp\/v2\/media?parent=223"}],"wp:term":[{"taxonomy":"post_tag","embeddable":true,"href":"http:\/\/www.mireilleguerin.com\/site\/wp-json\/wp\/v2\/tags?post=223"}],"curies":[{"name":"wp","href":"https:\/\/api.w.org\/{rel}","templated":true}]}}