{"id":216,"date":"2012-11-20T15:48:15","date_gmt":"2012-11-20T15:48:15","guid":{"rendered":"http:\/\/localhost:8888\/?page_id=216"},"modified":"2019-05-13T09:50:59","modified_gmt":"2019-05-13T08:50:59","slug":"parcours","status":"publish","type":"page","link":"http:\/\/www.mireilleguerin.com\/site\/parcours\/","title":{"rendered":"Parcours"},"content":{"rendered":"\n<div style=\"height:100px\" aria-hidden=\"true\" class=\"wp-block-spacer\"><\/div>\n\n\n\n<div class=\"wp-block-columns has-4-columns is-layout-flex wp-container-core-columns-is-layout-9d6595d7 wp-block-columns-is-layout-flex\">\n<div class=\"wp-block-column is-layout-flow wp-block-column-is-layout-flow\">\n<p><img loading=\"lazy\" decoding=\"async\" width=\"30\" height=\"30\" class=\"wp-image-567\" style=\"width: 30px;\" src=\"http:\/\/www.mireilleguerin.com\/site\/wp-content\/uploads\/2012\/11\/thb_01.png\" alt=\"\"><strong>&nbsp; 1973\/76&nbsp;:<\/strong> \u00e9tudes d\u2019art mural \u00e0 l\u2019Ecole sup\u00e9rieure des M\u00e9tiers d\u2019Art (ENSAAMA)<br>&nbsp;<br>&nbsp;<img loading=\"lazy\" decoding=\"async\" width=\"30\" height=\"30\" class=\"wp-image-571\" style=\"width: 30px;\" src=\"http:\/\/www.mireilleguerin.com\/site\/wp-content\/uploads\/2012\/11\/thb_05.png\" alt=\"\">&nbsp; <strong>2000&nbsp;:<\/strong> 1er prix d\u00e9partemental des M\u00e9tiers d\u2019Art (SEMA, Val d\u2019Oise).<\/p>\n\n\n\n<p><\/p>\n\n\n\n<p><br><br><img loading=\"lazy\" decoding=\"async\" width=\"30\" height=\"29\" class=\"wp-image-575\" style=\"width: 30px;\" src=\"http:\/\/www.mireilleguerin.com\/site\/wp-content\/uploads\/2012\/11\/thb_09.png\" alt=\"\">\u00a0 <strong>2013-2014\u00a0:<\/strong> \u00ab\u00a0Architectur\u2019elles\u00a0\u00bb Coll\u00e9giale Saint-Pierre-La Cour. (Le Mans)<br>\u00ab\u00a0Contenant\u00a0\u00bb exposition d\u2019Art Textile Mus\u00e9e de la Chemiserie (Argenton s\/Creuse.)<\/p>\n<\/div>\n\n\n\n<div class=\"wp-block-column is-layout-flow wp-block-column-is-layout-flow\">\n<p><img loading=\"lazy\" decoding=\"async\" width=\"30\" height=\"30\" class=\"wp-image-568\" style=\"width: 30px;\" src=\"http:\/\/www.mireilleguerin.com\/site\/wp-content\/uploads\/2012\/11\/thb_02.png\" alt=\"\"> <strong>1984\/85&nbsp;:<\/strong> formation de Licier \u00e0 l\u2019\u00e9cole r\u00e9gionale des Beaux-Arts d\u2019Angers.<br>&nbsp;<br>&nbsp;&nbsp;<img loading=\"lazy\" decoding=\"async\" width=\"30\" height=\"30\" class=\"wp-image-572\" style=\"width: 30px;\" src=\"http:\/\/www.mireilleguerin.com\/site\/wp-content\/uploads\/2012\/11\/thb_06.png\" alt=\"\">&nbsp; <strong>2003&nbsp;:<\/strong> Commande de 39 \u00ab&nbsp;mini-Textiles&nbsp;\u00bb par le conseil d\u00e9partemental du tourisme du Val d\u2019Oise.<\/p>\n\n\n\n<p><img loading=\"lazy\" decoding=\"async\" width=\"30\" height=\"30\" class=\"wp-image-1175\" style=\"width: 30px;\" src=\"http:\/\/www.mireilleguerin.com\/site\/wp-content\/uploads\/thb_10.png\" alt=\"\">\u00a0\u00a0<strong>2015\u00a0:<\/strong> \u00ab\u00a0Une entr\u00e9e en mati\u00e8res color\u00e9es\u00a0\u00bb galerie French Arts Factory (Paris) <br>\u00ab\u00a011 artistes contemporains\u00a0\u00bb Galerie Maznel, St Valery sur Somme.\u00a0 <\/p>\n\n\n\n<p><\/p>\n<\/div>\n\n\n\n<div class=\"wp-block-column is-layout-flow wp-block-column-is-layout-flow\">\n<p><img loading=\"lazy\" decoding=\"async\" width=\"30\" height=\"30\" class=\"wp-image-569\" style=\"width: 30px;\" src=\"http:\/\/www.mireilleguerin.com\/site\/wp-content\/uploads\/2012\/11\/thb_03.png\" alt=\"\"><strong>&nbsp; 1986&nbsp;:<\/strong> participe \u00e0 la mise en place du centre d\u2019Art textile de la ville d\u2019Angers.<br>&nbsp;<br>&nbsp;<img loading=\"lazy\" decoding=\"async\" width=\"30\" height=\"30\" class=\"wp-image-573\" style=\"width: 30px;\" src=\"http:\/\/www.mireilleguerin.com\/site\/wp-content\/uploads\/2012\/11\/thb_07.png\" alt=\"\">&nbsp; <strong>2006&nbsp;:<\/strong> r\u00e9alisation d\u2019une tapisserie de 0,27 x 12 m pour le prieur\u00e9 de l\u2019\u00e9glise St Christophe, Cergy village.<\/p>\n\n\n\n<p><img loading=\"lazy\" decoding=\"async\" width=\"30\" height=\"30\" class=\"wp-image-1176\" style=\"width: 30px;\" src=\"http:\/\/www.mireilleguerin.com\/site\/wp-content\/uploads\/thb_11.png\" alt=\"\">\u00a0\u00a0<strong>2017\u00a0:<\/strong> Participation au Festival du Lin (Seine Maritime) , \u00e9glise de La Gaillarde. <\/p>\n\n\n\n<p><\/p>\n<\/div>\n\n\n\n<div class=\"wp-block-column is-layout-flow wp-block-column-is-layout-flow\">\n<p><img loading=\"lazy\" decoding=\"async\" width=\"30\" height=\"29\" class=\"wp-image-570\" style=\"width: 30px;\" src=\"http:\/\/www.mireilleguerin.com\/site\/wp-content\/uploads\/2012\/11\/thb_04.png\" alt=\"\">&nbsp; <strong>1991 :<\/strong> Commande de la ville d&rsquo;Angers, dans le cadre du 1%, d&rsquo;une tapisserie pour le lyc\u00e9e Du Bellay.<\/p>\n\n\n\n<p><img loading=\"lazy\" decoding=\"async\" width=\"30\" height=\"30\" class=\"wp-image-1175\" style=\"width: 30px;\" src=\"http:\/\/www.mireilleguerin.com\/site\/wp-content\/uploads\/thb_10.png\" alt=\"\"> <strong>2009-2011\u00a0:<\/strong> r\u00e9pond \u00e0 diff\u00e9rentes commandes pour des PME ou des particuliers.<br>Exposition personnelle \u00e0 la maison Henri IV \u00e0 St Valery en Caux.<br>\u00a0<br><img loading=\"lazy\" decoding=\"async\" width=\"30\" height=\"30\" class=\"wp-image-1177\" style=\"width: 30px;\" src=\"http:\/\/www.mireilleguerin.com\/site\/wp-content\/uploads\/thb_12.png\" alt=\"\">\u00a0\u00a0<strong>2019\u00a0:<\/strong> exposition avec Marie Madeleine Vitrolles \u00e0 la galerie French Arts Factory.<\/p>\n<\/div>\n<\/div>\n","protected":false},"excerpt":{"rendered":"<p>&nbsp; 1973\/76&nbsp;: \u00e9tudes d\u2019art mural \u00e0 l\u2019Ecole sup\u00e9rieure des M\u00e9tiers d\u2019Art (ENSAAMA)&nbsp;&nbsp;&nbsp; 2000&nbsp;: 1er prix d\u00e9partemental des M\u00e9tiers d\u2019Art (SEMA, Val d\u2019Oise). \u00a0 2013-2014\u00a0: \u00ab\u00a0Architectur\u2019elles\u00a0\u00bb Coll\u00e9giale Saint-Pierre-La Cour. (Le Mans)\u00ab\u00a0Contenant\u00a0\u00bb exposition d\u2019Art Textile Mus\u00e9e de la Chemiserie (Argenton s\/Creuse.) 1984\/85&nbsp;: formation de Licier \u00e0 l\u2019\u00e9cole r\u00e9gionale des Beaux-Arts d\u2019Angers.&nbsp;&nbsp;&nbsp;&nbsp; 2003&nbsp;: Commande de 39 \u00ab&nbsp;mini-Textiles&nbsp;\u00bb par [&hellip;]<\/p>\n","protected":false},"author":1,"featured_media":0,"parent":0,"menu_order":0,"comment_status":"open","ping_status":"open","template":"fullwidth-page.php","meta":{"jetpack_post_was_ever_published":false,"footnotes":""},"tags":[],"class_list":["post-216","page","type-page","status-publish","hentry"],"jetpack_sharing_enabled":true,"jetpack_shortlink":"https:\/\/wp.me\/PaX9D6-3u","_links":{"self":[{"href":"http:\/\/www.mireilleguerin.com\/site\/wp-json\/wp\/v2\/pages\/216","targetHints":{"allow":["GET"]}}],"collection":[{"href":"http:\/\/www.mireilleguerin.com\/site\/wp-json\/wp\/v2\/pages"}],"about":[{"href":"http:\/\/www.mireilleguerin.com\/site\/wp-json\/wp\/v2\/types\/page"}],"author":[{"embeddable":true,"href":"http:\/\/www.mireilleguerin.com\/site\/wp-json\/wp\/v2\/users\/1"}],"replies":[{"embeddable":true,"href":"http:\/\/www.mireilleguerin.com\/site\/wp-json\/wp\/v2\/comments?post=216"}],"version-history":[{"count":29,"href":"http:\/\/www.mireilleguerin.com\/site\/wp-json\/wp\/v2\/pages\/216\/revisions"}],"predecessor-version":[{"id":1791,"href":"http:\/\/www.mireilleguerin.com\/site\/wp-json\/wp\/v2\/pages\/216\/revisions\/1791"}],"wp:attachment":[{"href":"http:\/\/www.mireilleguerin.com\/site\/wp-json\/wp\/v2\/media?parent=216"}],"wp:term":[{"taxonomy":"post_tag","embeddable":true,"href":"http:\/\/www.mireilleguerin.com\/site\/wp-json\/wp\/v2\/tags?post=216"}],"curies":[{"name":"wp","href":"https:\/\/api.w.org\/{rel}","templated":true}]}}